{"id":676,"date":"2013-08-11T19:06:15","date_gmt":"2013-08-11T19:06:15","guid":{"rendered":"http:\/\/localhost:8888\/test\/?page_id=520"},"modified":"2017-05-18T14:43:58","modified_gmt":"2017-05-18T19:43:58","slug":"about","status":"publish","type":"page","link":"https:\/\/www.voxcloud8.us\/en\/elements\/pages\/about\/","title":{"rendered":"About"},"content":{"rendered":"\n  <div class=\"banner has-hover has-parallax\" id=\"banner-69825353\">\n          <div class=\"banner-inner fill\">\n        <div class=\"banner-bg fill\" data-parallax=\"-3\" data-parallax-container=\".banner\" data-parallax-background>\n            <div class=\"bg fill bg-fill \"><\/div>\n                        <div class=\"overlay\"><\/div>            \n                    <\/div><!-- bg-layers -->\n        <div class=\"banner-layers container\">\n            <div class=\"fill banner-link\"><\/div>            \n   <div id=\"text-box-1965211249\" class=\"text-box banner-layer x50 md-x50 lg-x50 y85 md-y85 lg-y85 res-text\">\n                                <div class=\"text dark\">\n              \n              <div class=\"text-inner text-center\">\n                  \n<h1 class=\"lead\">Voxcloud8<\/h1>\n<h3><b>L\u00edder en el\u00a0 mercado de las Telecomunicaciones<\/b><\/h3>\n<p class=\"lead\" style=\"text-align: left;\">Fundada en el a\u00f1o 2007, nuestra empresa se ha dedicado con \u00e9xito a brindar servicios de telefon\u00eda VoIP, desarrollando su plataforma con las \u00faltimas imnovaciones tecnol\u00f3gicas y en correspondencia con las necesidades y exigencias de nuestro mercado.<\/p>\n              <\/div>\n           <\/div><!-- text-box-inner -->\n                            \n<style scope=\"scope\">\n\n#text-box-1965211249 {\n  width: 85%;\n}\n#text-box-1965211249 .text {\n  font-size: 100%;\n}\n<\/style>\n    <\/div><!-- text-box -->\n \n        <\/div><!-- .banner-layers -->\n      <\/div><!-- .banner-inner -->\n\n            \n<style scope=\"scope\">\n\n#banner-69825353 {\n  padding-top: 507px;\n}\n#banner-69825353 .bg.bg-loaded {\n  background-image: 1080;\n}\n#banner-69825353 .overlay {\n  background-color: rgba(0, 0, 0, 0.49);\n}\n<\/style>\n  <\/div><!-- .banner -->\n\n\n<div class=\"row\"  id=\"row-1045041749\">\n<div class=\"col small-12 large-12\"  ><div class=\"col-inner\"  >\n<h3 style=\"text-align: center;\"><span style=\"color: #000000;\"><b>Plataforma propia de comunicaciones <\/b><b>Softswitch<\/b> <b>PortaOne<\/b> <b>Carrier<\/b><b>-Grade.<\/b><\/span><\/h3>\n<h3 style=\"text-align: center;\"><span style=\"color: #000000;\"><b>Redundancia de servidores en Cl\u00faster y Raid, garantizando la disponibilidad total del servicio.<\/b><\/span><\/h3>\n<h3 style=\"text-align: center;\"><span style=\"color: #000000;\"><b>Soporte t\u00e9cnico del fabricante los 365 d\u00edas del a\u00f1o, las 24 horas del d\u00eda.<\/b><\/span><\/h3>\n<h3 style=\"text-align: center;\"><span style=\"color: #000000;\"><b>Hospedaje en los mejores data center del mundo.<\/b><\/span><\/h3>\n<div class=\"text-center\"><div class=\"is-divider divider clearfix\" style=\"max-width:1000px;height:4px;\"><\/div><\/div><!-- .divider -->\n<\/div><\/div>\n<div class=\"col medium-4 small-12 large-4\"  ><div class=\"col-inner\"  >\n    <div class=\"img has-hover x md-x lg-x y md-y lg-y\" id=\"image_1051149041\">\n    <a class=\"image-lightbox lightbox-gallery\" href=\"https:\/\/i0.wp.com\/www.voxcloud8.us\/wp-content\/uploads\/2017\/05\/InterfaceGRAL.png?fit=992%2C380&ssl=1\" title=\"\">            <div class=\"img-inner dark\" >\n        <img loading=\"lazy\" decoding=\"async\" width=\"992\" height=\"380\" src=\"https:\/\/i0.wp.com\/www.voxcloud8.us\/wp-content\/uploads\/2017\/05\/InterfaceGRAL.png?fit=992%2C380&amp;ssl=1\" class=\"attachment-large size-large\" alt=\"\" srcset=\"https:\/\/i0.wp.com\/www.voxcloud8.us\/wp-content\/uploads\/2017\/05\/InterfaceGRAL.png?w=992&amp;ssl=1 992w, https:\/\/i0.wp.com\/www.voxcloud8.us\/wp-content\/uploads\/2017\/05\/InterfaceGRAL.png?resize=800%2C306&amp;ssl=1 800w, https:\/\/i0.wp.com\/www.voxcloud8.us\/wp-content\/uploads\/2017\/05\/InterfaceGRAL.png?resize=768%2C294&amp;ssl=1 768w\" sizes=\"auto, (max-width: 992px) 100vw, 992px\" data-attachment-id=\"1146\" data-permalink=\"https:\/\/www.voxcloud8.us\/en\/interfacegral\/\" data-orig-file=\"https:\/\/i0.wp.com\/www.voxcloud8.us\/wp-content\/uploads\/2017\/05\/InterfaceGRAL.png?fit=992%2C380&amp;ssl=1\" data-orig-size=\"992,380\" data-comments-opened=\"0\" data-image-meta=\"{&quot;aperture&quot;:&quot;0&quot;,&quot;credit&quot;:&quot;&quot;,&quot;camera&quot;:&quot;&quot;,&quot;caption&quot;:&quot;&quot;,&quot;created_timestamp&quot;:&quot;0&quot;,&quot;copyright&quot;:&quot;&quot;,&quot;focal_length&quot;:&quot;0&quot;,&quot;iso&quot;:&quot;0&quot;,&quot;shutter_speed&quot;:&quot;0&quot;,&quot;title&quot;:&quot;&quot;,&quot;orientation&quot;:&quot;0&quot;}\" data-image-title=\"PortaOneInterface\" data-image-description=\"\" data-image-caption=\"\" data-large-file=\"https:\/\/i0.wp.com\/www.voxcloud8.us\/wp-content\/uploads\/2017\/05\/InterfaceGRAL.png?fit=992%2C380&amp;ssl=1\" \/>                \n            <\/div>\n            <\/a>       \n<style scope=\"scope\">\n\n<\/style>\n    <\/div>\n    \n<\/div><\/div>\n<div class=\"col medium-4 small-12 large-4 small-col-first\"  ><div class=\"col-inner text-left\"  >\n    <div class=\"img has-hover x md-x lg-x y md-y lg-y\" id=\"image_502594857\">\n                <div class=\"img-inner dark\" >\n        <img loading=\"lazy\" decoding=\"async\" width=\"338\" height=\"57\" src=\"https:\/\/i0.wp.com\/www.voxcloud8.us\/wp-content\/uploads\/2017\/05\/PortaOne.png?fit=338%2C57&amp;ssl=1\" class=\"attachment-large size-large\" alt=\"\" data-attachment-id=\"1140\" data-permalink=\"https:\/\/www.voxcloud8.us\/en\/portaone\/\" data-orig-file=\"https:\/\/i0.wp.com\/www.voxcloud8.us\/wp-content\/uploads\/2017\/05\/PortaOne.png?fit=338%2C57&amp;ssl=1\" data-orig-size=\"338,57\" data-comments-opened=\"0\" data-image-meta=\"{&quot;aperture&quot;:&quot;0&quot;,&quot;credit&quot;:&quot;&quot;,&quot;camera&quot;:&quot;&quot;,&quot;caption&quot;:&quot;&quot;,&quot;created_timestamp&quot;:&quot;0&quot;,&quot;copyright&quot;:&quot;&quot;,&quot;focal_length&quot;:&quot;0&quot;,&quot;iso&quot;:&quot;0&quot;,&quot;shutter_speed&quot;:&quot;0&quot;,&quot;title&quot;:&quot;&quot;,&quot;orientation&quot;:&quot;0&quot;}\" data-image-title=\"PortaOne\" data-image-description=\"\" data-image-caption=\"\" data-large-file=\"https:\/\/i0.wp.com\/www.voxcloud8.us\/wp-content\/uploads\/2017\/05\/PortaOne.png?fit=338%2C57&amp;ssl=1\" \/>                \n            <\/div>\n                   \n<style scope=\"scope\">\n\n<\/style>\n    <\/div>\n    \n<\/div><\/div>\n<div class=\"col medium-4 small-12 large-4\"  ><div class=\"col-inner\"  >\n    <div class=\"img has-hover x md-x lg-x y md-y lg-y\" id=\"image_616244866\">\n    <a class=\"image-lightbox lightbox-gallery\" href=\"https:\/\/i0.wp.com\/www.voxcloud8.us\/wp-content\/uploads\/2017\/05\/DataCenter1.jpg?fit=992%2C380&ssl=1\" title=\"\">            <div class=\"img-inner dark\" >\n        <img loading=\"lazy\" decoding=\"async\" width=\"992\" height=\"380\" src=\"https:\/\/i0.wp.com\/www.voxcloud8.us\/wp-content\/uploads\/2017\/05\/DataCenter1.jpg?fit=992%2C380&amp;ssl=1\" class=\"attachment-large size-large\" alt=\"\" srcset=\"https:\/\/i0.wp.com\/www.voxcloud8.us\/wp-content\/uploads\/2017\/05\/DataCenter1.jpg?w=992&amp;ssl=1 992w, https:\/\/i0.wp.com\/www.voxcloud8.us\/wp-content\/uploads\/2017\/05\/DataCenter1.jpg?resize=800%2C306&amp;ssl=1 800w, https:\/\/i0.wp.com\/www.voxcloud8.us\/wp-content\/uploads\/2017\/05\/DataCenter1.jpg?resize=768%2C294&amp;ssl=1 768w\" sizes=\"auto, (max-width: 992px) 100vw, 992px\" data-attachment-id=\"1150\" data-permalink=\"https:\/\/www.voxcloud8.us\/en\/datacenter1\/\" data-orig-file=\"https:\/\/i0.wp.com\/www.voxcloud8.us\/wp-content\/uploads\/2017\/05\/DataCenter1.jpg?fit=992%2C380&amp;ssl=1\" data-orig-size=\"992,380\" data-comments-opened=\"0\" data-image-meta=\"{&quot;aperture&quot;:&quot;0&quot;,&quot;credit&quot;:&quot;&quot;,&quot;camera&quot;:&quot;&quot;,&quot;caption&quot;:&quot;&quot;,&quot;created_timestamp&quot;:&quot;0&quot;,&quot;copyright&quot;:&quot;&quot;,&quot;focal_length&quot;:&quot;0&quot;,&quot;iso&quot;:&quot;0&quot;,&quot;shutter_speed&quot;:&quot;0&quot;,&quot;title&quot;:&quot;&quot;,&quot;orientation&quot;:&quot;1&quot;}\" data-image-title=\"DataCenter1\" data-image-description=\"\" data-image-caption=\"\" data-large-file=\"https:\/\/i0.wp.com\/www.voxcloud8.us\/wp-content\/uploads\/2017\/05\/DataCenter1.jpg?fit=992%2C380&amp;ssl=1\" \/>                \n            <\/div>\n            <\/a>       \n<style scope=\"scope\">\n\n<\/style>\n    <\/div>\n    \n<\/div><\/div>\n<\/div>\n","protected":false},"excerpt":{"rendered":"","protected":false},"author":1,"featured_media":599,"parent":633,"menu_order":0,"comment_status":"closed","ping_status":"closed","template":"page-transparent-header-light.php","meta":{"footnotes":""},"class_list":["post-676","page","type-page","status-publish","has-post-thumbnail","hentry"],"yoast_head":"<!-- This site is optimized with the Yoast SEO plugin v27.6 - https:\/\/yoast.com\/product\/yoast-seo-wordpress\/ -->\n<title>About - Voxcloud8<\/title>\n<meta name=\"robots\" content=\"index, follow, max-snippet:-1, max-image-preview:large, max-video-preview:-1\" \/>\n<link rel=\"canonical\" href=\"https:\/\/www.voxcloud8.us\/en\/elements\/pages\/about\/\" \/>\n<meta property=\"og:locale\" content=\"en_US\" \/>\n<meta property=\"og:type\" content=\"article\" \/>\n<meta property=\"og:title\" content=\"About - Voxcloud8\" \/>\n<meta property=\"og:url\" content=\"https:\/\/www.voxcloud8.us\/en\/elements\/pages\/about\/\" \/>\n<meta property=\"og:site_name\" content=\"Voxcloud8\" \/>\n<meta property=\"article:publisher\" content=\"https:\/\/www.facebook.com\/LlamadasSeguras\/\" \/>\n<meta property=\"article:modified_time\" content=\"2017-05-18T19:43:58+00:00\" \/>\n<meta property=\"og:image\" content=\"https:\/\/i0.wp.com\/www.voxcloud8.us\/wp-content\/uploads\/2016\/08\/dummy-1.jpg?fit=400%2C260&ssl=1\" \/>\n\t<meta property=\"og:image:width\" content=\"400\" \/>\n\t<meta property=\"og:image:height\" content=\"260\" \/>\n\t<meta property=\"og:image:type\" content=\"image\/jpeg\" \/>\n<meta name=\"twitter:card\" content=\"summary_large_image\" \/>\n<meta name=\"twitter:site\" content=\"@Voxcloud8mx\" \/>\n<meta name=\"twitter:label1\" content=\"Est. reading time\" \/>\n\t<meta name=\"twitter:data1\" content=\"1 minute\" \/>\n<script type=\"application\/ld+json\" class=\"yoast-schema-graph\">{\"@context\":\"https:\\\/\\\/schema.org\",\"@graph\":[{\"@type\":\"WebPage\",\"@id\":\"https:\\\/\\\/www.voxcloud8.us\\\/en\\\/elements\\\/pages\\\/about\\\/\",\"url\":\"https:\\\/\\\/www.voxcloud8.us\\\/en\\\/elements\\\/pages\\\/about\\\/\",\"name\":\"About - Voxcloud8\",\"isPartOf\":{\"@id\":\"http:\\\/\\\/www.voxcloud8.us\\\/#website\"},\"primaryImageOfPage\":{\"@id\":\"https:\\\/\\\/www.voxcloud8.us\\\/en\\\/elements\\\/pages\\\/about\\\/#primaryimage\"},\"image\":{\"@id\":\"https:\\\/\\\/www.voxcloud8.us\\\/en\\\/elements\\\/pages\\\/about\\\/#primaryimage\"},\"thumbnailUrl\":\"https:\\\/\\\/i0.wp.com\\\/www.voxcloud8.us\\\/wp-content\\\/uploads\\\/2016\\\/08\\\/dummy-1.jpg?fit=400%2C260&ssl=1\",\"datePublished\":\"2013-08-11T19:06:15+00:00\",\"dateModified\":\"2017-05-18T19:43:58+00:00\",\"breadcrumb\":{\"@id\":\"https:\\\/\\\/www.voxcloud8.us\\\/en\\\/elements\\\/pages\\\/about\\\/#breadcrumb\"},\"inLanguage\":\"en-US\",\"potentialAction\":[{\"@type\":\"ReadAction\",\"target\":[\"https:\\\/\\\/www.voxcloud8.us\\\/en\\\/elements\\\/pages\\\/about\\\/\"]}]},{\"@type\":\"ImageObject\",\"inLanguage\":\"en-US\",\"@id\":\"https:\\\/\\\/www.voxcloud8.us\\\/en\\\/elements\\\/pages\\\/about\\\/#primaryimage\",\"url\":\"https:\\\/\\\/i0.wp.com\\\/www.voxcloud8.us\\\/wp-content\\\/uploads\\\/2016\\\/08\\\/dummy-1.jpg?fit=400%2C260&ssl=1\",\"contentUrl\":\"https:\\\/\\\/i0.wp.com\\\/www.voxcloud8.us\\\/wp-content\\\/uploads\\\/2016\\\/08\\\/dummy-1.jpg?fit=400%2C260&ssl=1\",\"width\":400,\"height\":260},{\"@type\":\"BreadcrumbList\",\"@id\":\"https:\\\/\\\/www.voxcloud8.us\\\/en\\\/elements\\\/pages\\\/about\\\/#breadcrumb\",\"itemListElement\":[{\"@type\":\"ListItem\",\"position\":1,\"name\":\"Portada\",\"item\":\"http:\\\/\\\/www.voxcloud8.us\\\/\"},{\"@type\":\"ListItem\",\"position\":2,\"name\":\"Elements\",\"item\":\"http:\\\/\\\/www.voxcloud8.us\\\/elements\\\/\"},{\"@type\":\"ListItem\",\"position\":3,\"name\":\"Pages\",\"item\":\"https:\\\/\\\/www.voxcloud8.us\\\/en\\\/elements\\\/pages\\\/\"},{\"@type\":\"ListItem\",\"position\":4,\"name\":\"About\"}]},{\"@type\":\"WebSite\",\"@id\":\"http:\\\/\\\/www.voxcloud8.us\\\/#website\",\"url\":\"http:\\\/\\\/www.voxcloud8.us\\\/\",\"name\":\"Voxcloud8\",\"description\":\"Infinite Communication\",\"publisher\":{\"@id\":\"http:\\\/\\\/www.voxcloud8.us\\\/#organization\"},\"potentialAction\":[{\"@type\":\"SearchAction\",\"target\":{\"@type\":\"EntryPoint\",\"urlTemplate\":\"http:\\\/\\\/www.voxcloud8.us\\\/?s={search_term_string}\"},\"query-input\":{\"@type\":\"PropertyValueSpecification\",\"valueRequired\":true,\"valueName\":\"search_term_string\"}}],\"inLanguage\":\"en-US\"},{\"@type\":\"Organization\",\"@id\":\"http:\\\/\\\/www.voxcloud8.us\\\/#organization\",\"name\":\"Voxcloud8\",\"url\":\"http:\\\/\\\/www.voxcloud8.us\\\/\",\"logo\":{\"@type\":\"ImageObject\",\"inLanguage\":\"en-US\",\"@id\":\"http:\\\/\\\/www.voxcloud8.us\\\/#\\\/schema\\\/logo\\\/image\\\/\",\"url\":\"https:\\\/\\\/i0.wp.com\\\/www.voxcloud8.us\\\/wp-content\\\/uploads\\\/2017\\\/05\\\/logovc4x3.png?fit=450%2C258\",\"contentUrl\":\"https:\\\/\\\/i0.wp.com\\\/www.voxcloud8.us\\\/wp-content\\\/uploads\\\/2017\\\/05\\\/logovc4x3.png?fit=450%2C258\",\"width\":450,\"height\":258,\"caption\":\"Voxcloud8\"},\"image\":{\"@id\":\"http:\\\/\\\/www.voxcloud8.us\\\/#\\\/schema\\\/logo\\\/image\\\/\"},\"sameAs\":[\"https:\\\/\\\/www.facebook.com\\\/LlamadasSeguras\\\/\",\"https:\\\/\\\/x.com\\\/Voxcloud8mx\",\"https:\\\/\\\/www.youtube.com\\\/channel\\\/UCbBf5qseEuZrtAwSCofW6cg\"]}]}<\/script>\n<!-- \/ Yoast SEO plugin. -->","yoast_head_json":{"title":"About - Voxcloud8","robots":{"index":"index","follow":"follow","max-snippet":"max-snippet:-1","max-image-preview":"max-image-preview:large","max-video-preview":"max-video-preview:-1"},"canonical":"https:\/\/www.voxcloud8.us\/en\/elements\/pages\/about\/","og_locale":"en_US","og_type":"article","og_title":"About - Voxcloud8","og_url":"https:\/\/www.voxcloud8.us\/en\/elements\/pages\/about\/","og_site_name":"Voxcloud8","article_publisher":"https:\/\/www.facebook.com\/LlamadasSeguras\/","article_modified_time":"2017-05-18T19:43:58+00:00","og_image":[{"width":400,"height":260,"url":"https:\/\/i0.wp.com\/www.voxcloud8.us\/wp-content\/uploads\/2016\/08\/dummy-1.jpg?fit=400%2C260&ssl=1","type":"image\/jpeg"}],"twitter_card":"summary_large_image","twitter_site":"@Voxcloud8mx","twitter_misc":{"Est. reading time":"1 minute"},"schema":{"@context":"https:\/\/schema.org","@graph":[{"@type":"WebPage","@id":"https:\/\/www.voxcloud8.us\/en\/elements\/pages\/about\/","url":"https:\/\/www.voxcloud8.us\/en\/elements\/pages\/about\/","name":"About - Voxcloud8","isPartOf":{"@id":"http:\/\/www.voxcloud8.us\/#website"},"primaryImageOfPage":{"@id":"https:\/\/www.voxcloud8.us\/en\/elements\/pages\/about\/#primaryimage"},"image":{"@id":"https:\/\/www.voxcloud8.us\/en\/elements\/pages\/about\/#primaryimage"},"thumbnailUrl":"https:\/\/i0.wp.com\/www.voxcloud8.us\/wp-content\/uploads\/2016\/08\/dummy-1.jpg?fit=400%2C260&ssl=1","datePublished":"2013-08-11T19:06:15+00:00","dateModified":"2017-05-18T19:43:58+00:00","breadcrumb":{"@id":"https:\/\/www.voxcloud8.us\/en\/elements\/pages\/about\/#breadcrumb"},"inLanguage":"en-US","potentialAction":[{"@type":"ReadAction","target":["https:\/\/www.voxcloud8.us\/en\/elements\/pages\/about\/"]}]},{"@type":"ImageObject","inLanguage":"en-US","@id":"https:\/\/www.voxcloud8.us\/en\/elements\/pages\/about\/#primaryimage","url":"https:\/\/i0.wp.com\/www.voxcloud8.us\/wp-content\/uploads\/2016\/08\/dummy-1.jpg?fit=400%2C260&ssl=1","contentUrl":"https:\/\/i0.wp.com\/www.voxcloud8.us\/wp-content\/uploads\/2016\/08\/dummy-1.jpg?fit=400%2C260&ssl=1","width":400,"height":260},{"@type":"BreadcrumbList","@id":"https:\/\/www.voxcloud8.us\/en\/elements\/pages\/about\/#breadcrumb","itemListElement":[{"@type":"ListItem","position":1,"name":"Portada","item":"http:\/\/www.voxcloud8.us\/"},{"@type":"ListItem","position":2,"name":"Elements","item":"http:\/\/www.voxcloud8.us\/elements\/"},{"@type":"ListItem","position":3,"name":"Pages","item":"https:\/\/www.voxcloud8.us\/en\/elements\/pages\/"},{"@type":"ListItem","position":4,"name":"About"}]},{"@type":"WebSite","@id":"http:\/\/www.voxcloud8.us\/#website","url":"http:\/\/www.voxcloud8.us\/","name":"Voxcloud8","description":"Infinite Communication","publisher":{"@id":"http:\/\/www.voxcloud8.us\/#organization"},"potentialAction":[{"@type":"SearchAction","target":{"@type":"EntryPoint","urlTemplate":"http:\/\/www.voxcloud8.us\/?s={search_term_string}"},"query-input":{"@type":"PropertyValueSpecification","valueRequired":true,"valueName":"search_term_string"}}],"inLanguage":"en-US"},{"@type":"Organization","@id":"http:\/\/www.voxcloud8.us\/#organization","name":"Voxcloud8","url":"http:\/\/www.voxcloud8.us\/","logo":{"@type":"ImageObject","inLanguage":"en-US","@id":"http:\/\/www.voxcloud8.us\/#\/schema\/logo\/image\/","url":"https:\/\/i0.wp.com\/www.voxcloud8.us\/wp-content\/uploads\/2017\/05\/logovc4x3.png?fit=450%2C258","contentUrl":"https:\/\/i0.wp.com\/www.voxcloud8.us\/wp-content\/uploads\/2017\/05\/logovc4x3.png?fit=450%2C258","width":450,"height":258,"caption":"Voxcloud8"},"image":{"@id":"http:\/\/www.voxcloud8.us\/#\/schema\/logo\/image\/"},"sameAs":["https:\/\/www.facebook.com\/LlamadasSeguras\/","https:\/\/x.com\/Voxcloud8mx","https:\/\/www.youtube.com\/channel\/UCbBf5qseEuZrtAwSCofW6cg"]}]}},"jetpack_sharing_enabled":true,"jetpack_shortlink":"https:\/\/wp.me\/P6ym0j-aU","jetpack_likes_enabled":true,"jetpack-related-posts":[],"_links":{"self":[{"href":"https:\/\/www.voxcloud8.us\/en\/wp-json\/wp\/v2\/pages\/676","targetHints":{"allow":["GET"]}}],"collection":[{"href":"https:\/\/www.voxcloud8.us\/en\/wp-json\/wp\/v2\/pages"}],"about":[{"href":"https:\/\/www.voxcloud8.us\/en\/wp-json\/wp\/v2\/types\/page"}],"author":[{"embeddable":true,"href":"https:\/\/www.voxcloud8.us\/en\/wp-json\/wp\/v2\/users\/1"}],"replies":[{"embeddable":true,"href":"https:\/\/www.voxcloud8.us\/en\/wp-json\/wp\/v2\/comments?post=676"}],"version-history":[{"count":17,"href":"https:\/\/www.voxcloud8.us\/en\/wp-json\/wp\/v2\/pages\/676\/revisions"}],"predecessor-version":[{"id":1153,"href":"https:\/\/www.voxcloud8.us\/en\/wp-json\/wp\/v2\/pages\/676\/revisions\/1153"}],"up":[{"embeddable":true,"href":"https:\/\/www.voxcloud8.us\/en\/wp-json\/wp\/v2\/pages\/633"}],"wp:featuredmedia":[{"embeddable":true,"href":"https:\/\/www.voxcloud8.us\/en\/wp-json\/wp\/v2\/media\/599"}],"wp:attachment":[{"href":"https:\/\/www.voxcloud8.us\/en\/wp-json\/wp\/v2\/media?parent=676"}],"curies":[{"name":"wp","href":"https:\/\/api.w.org\/{rel}","templated":true}]}}