{"id":674,"date":"2013-08-11T19:22:53","date_gmt":"2013-08-11T19:22:53","guid":{"rendered":"http:\/\/localhost:8888\/test\/?page_id=532"},"modified":"2017-09-20T13:51:26","modified_gmt":"2017-09-20T18:51:26","slug":"contact","status":"publish","type":"page","link":"https:\/\/www.voxcloud8.us\/en\/elements\/pages\/contact\/","title":{"rendered":"Contact"},"content":{"rendered":"<div class=\"row\"  id=\"row-1409679967\">\n<div class=\"col medium-6 large-6\"  ><div class=\"col-inner\"  >\n<div class=\"container section-title-container\" ><h3 class=\"section-title section-title-normal\"><b><\/b><span class=\"section-title-main\" >Preguntas Frecuentes<\/span><b><\/b><\/h3><\/div><!-- .section-title -->\n<p>Por favor lea las preguntas y respuestas antes de enviar un mensaje.<\/p>\n<div class=\"accordion\" rel=\"\">\n<div class=\"accordion-item\"><a href=\"#\" class=\"accordion-title plain\"><button class=\"toggle\"><i class=\"icon-angle-down\"><\/i><\/button><span>\u00bfC\u00f3mo puedo recuperar mi contrase\u00f1a?<\/span><\/a><div class=\"accordion-inner\">\n<p>Parar recuperar su contrase\u00f1a, debe ir a la p\u00e1gina &#8220;Inicio Sesi\u00f3n&#8221;, una vez en esta p\u00e1gina ponga su usuario y deje en blanco la contrase\u00f1a. En la siguiente pantalla valla a &#8220;Password recovery&#8221; que se encuentra en\u00a0 la parte superior izquierda, le abrir\u00e1 una nueva pantalla en la cual debe escribir su &#8220;Login&#8221; y su direcci\u00f3n de &#8220;Email&#8221;, en esta direcci\u00f3n de correo recibir\u00e1 la informaci\u00f3n de restauraci\u00f3n de su contrase\u00f1a.<\/p>\n<p>Nota:La direcci\u00f3n de email tiene que ser la misma con la que se cre\u00f3 su cuenta.<\/p>\n<\/div><\/div>\n<div class=\"accordion-item\"><a href=\"#\" class=\"accordion-title plain\"><button class=\"toggle\"><i class=\"icon-angle-down\"><\/i><\/button><span>\u00bfC\u00f3mo debo revisar mi servicio de Internet?<\/span><\/a><div class=\"accordion-inner\">\n<p>Lorem ipsum dolor sit amet, consectetur adipiscing elit. Aenean id convallis tellus. Nulla aliquam in mi et convallis. Pellentesque rutrum feugiat ante ut imperdiet. Vivamus et dolor nec nisl consectetur vulputate id non ante.<\/p>\n<\/div><\/div>\n<\/div>\n<p>La calidad de sus llamadas depende de su servicio de internet. Para comprobar la calidad de su servicio de internet, debe ir a su navegador y abrir la p\u00e1gina www.speedtest.net. En esta p\u00e1gina podr\u00e1 ejecutar un test con el que podr\u00e1 medir cual es su velocidad de carga y de descarga. <\/p>\n<p>En caso de que su internet est\u00e9 muy lento, deber\u00e1 reportarlo a su proveedor de servicio.<\/p>\n<\/div><\/div>\n<div class=\"col medium-6 large-6\"  ><div class=\"col-inner\"  >\n<div class=\"container section-title-container\" ><h3 class=\"section-title section-title-normal\"><b><\/b><span class=\"section-title-main\" >Env\u00edanos un Email<\/span><b><\/b><\/h3><\/div><!-- .section-title -->\n\n<div class=\"wpcf7 no-js\" id=\"wpcf7-f305-o1\" lang=\"es-ES\" dir=\"ltr\" data-wpcf7-id=\"305\">\n<div class=\"screen-reader-response\"><p role=\"status\" aria-live=\"polite\" aria-atomic=\"true\"><\/p> <ul><\/ul><\/div>\n<form action=\"\/en\/wp-json\/wp\/v2\/pages\/674#wpcf7-f305-o1\" method=\"post\" class=\"wpcf7-form init\" aria-label=\"Contact form\" novalidate=\"novalidate\" data-status=\"init\">\n<fieldset class=\"hidden-fields-container\"><input type=\"hidden\" name=\"_wpcf7\" value=\"305\" \/><input type=\"hidden\" name=\"_wpcf7_version\" value=\"6.1.5\" \/><input type=\"hidden\" name=\"_wpcf7_locale\" value=\"es_ES\" \/><input type=\"hidden\" name=\"_wpcf7_unit_tag\" value=\"wpcf7-f305-o1\" \/><input type=\"hidden\" name=\"_wpcf7_container_post\" value=\"0\" \/><input type=\"hidden\" name=\"_wpcf7_posted_data_hash\" value=\"\" \/><input type=\"hidden\" name=\"_wpcf7_recaptcha_response\" value=\"\" \/>\n<\/fieldset>\n<p>Su nombre (requerido)\n<\/p>\n<p><span class=\"wpcf7-form-control-wrap\" data-name=\"your-name\"><input size=\"40\" maxlength=\"400\" class=\"wpcf7-form-control wpcf7-text wpcf7-validates-as-required\" aria-required=\"true\" aria-invalid=\"false\" value=\"\" type=\"text\" name=\"your-name\" \/><\/span>\n<\/p>\n<p>Su e-mail (requerido)\n<\/p>\n<p><span class=\"wpcf7-form-control-wrap\" data-name=\"your-email\"><input size=\"40\" maxlength=\"400\" class=\"wpcf7-form-control wpcf7-email wpcf7-validates-as-required wpcf7-text wpcf7-validates-as-email\" aria-required=\"true\" aria-invalid=\"false\" value=\"\" type=\"email\" name=\"your-email\" \/><\/span>\n<\/p>\n<p>Asunto\n<\/p>\n<p><span class=\"wpcf7-form-control-wrap\" data-name=\"your-subject\"><input size=\"40\" maxlength=\"400\" class=\"wpcf7-form-control wpcf7-text\" aria-invalid=\"false\" value=\"\" type=\"text\" name=\"your-subject\" \/><\/span>\n<\/p>\n<p>Su mensaje\n<\/p>\n<p><span class=\"wpcf7-form-control-wrap\" data-name=\"your-message\"><textarea cols=\"40\" rows=\"10\" maxlength=\"2000\" class=\"wpcf7-form-control wpcf7-textarea\" aria-invalid=\"false\" name=\"your-message\"><\/textarea><\/span>\n<\/p>\n\n<p><input class=\"wpcf7-form-control wpcf7-submit has-spinner\" type=\"submit\" value=\"Enviar\" \/>\n<\/p><p style=\"display: none !important;\" class=\"akismet-fields-container\" data-prefix=\"_wpcf7_ak_\"><label>&#916;<textarea name=\"_wpcf7_ak_hp_textarea\" cols=\"45\" rows=\"8\" maxlength=\"100\"><\/textarea><\/label><input type=\"hidden\" id=\"ak_js_1\" name=\"_wpcf7_ak_js\" value=\"198\"\/><script type=\"text\/javascript\">\n\/* <![CDATA[ *\/\ndocument.getElementById( \"ak_js_1\" ).setAttribute( \"value\", ( new Date() ).getTime() );\n\/* ]]> *\/\n<\/script>\n<\/p><div class=\"wpcf7-response-output\" aria-hidden=\"true\"><\/div>\n<\/form>\n<\/div>\n\n<\/div><\/div>\n<\/div>\n<p>\u00a0<\/p>\n","protected":false},"excerpt":{"rendered":"<p>\u00a0<\/p>\n","protected":false},"author":1,"featured_media":599,"parent":633,"menu_order":0,"comment_status":"closed","ping_status":"closed","template":"page-blank.php","meta":{"footnotes":""},"class_list":["post-674","page","type-page","status-publish","has-post-thumbnail","hentry"],"yoast_head":"<!-- This site is optimized with the Yoast SEO plugin v27.6 - https:\/\/yoast.com\/product\/yoast-seo-wordpress\/ -->\n<title>Contact - Voxcloud8<\/title>\n<meta name=\"robots\" content=\"index, follow, max-snippet:-1, max-image-preview:large, max-video-preview:-1\" \/>\n<link rel=\"canonical\" href=\"https:\/\/www.voxcloud8.us\/en\/elements\/pages\/contact\/\" \/>\n<meta property=\"og:locale\" content=\"en_US\" \/>\n<meta property=\"og:type\" content=\"article\" \/>\n<meta property=\"og:title\" content=\"Contact - Voxcloud8\" \/>\n<meta property=\"og:description\" content=\"\u00a0\" \/>\n<meta property=\"og:url\" content=\"https:\/\/www.voxcloud8.us\/en\/elements\/pages\/contact\/\" \/>\n<meta property=\"og:site_name\" content=\"Voxcloud8\" \/>\n<meta property=\"article:publisher\" content=\"https:\/\/www.facebook.com\/LlamadasSeguras\/\" \/>\n<meta property=\"article:modified_time\" content=\"2017-09-20T18:51:26+00:00\" \/>\n<meta property=\"og:image\" content=\"https:\/\/i0.wp.com\/www.voxcloud8.us\/wp-content\/uploads\/2016\/08\/dummy-1.jpg?fit=400%2C260&ssl=1\" \/>\n\t<meta property=\"og:image:width\" content=\"400\" \/>\n\t<meta property=\"og:image:height\" content=\"260\" \/>\n\t<meta property=\"og:image:type\" content=\"image\/jpeg\" \/>\n<meta name=\"twitter:card\" content=\"summary_large_image\" \/>\n<meta name=\"twitter:site\" content=\"@Voxcloud8mx\" \/>\n<meta name=\"twitter:label1\" content=\"Est. reading time\" \/>\n\t<meta name=\"twitter:data1\" content=\"1 minute\" \/>\n<script type=\"application\/ld+json\" class=\"yoast-schema-graph\">{\"@context\":\"https:\\\/\\\/schema.org\",\"@graph\":[{\"@type\":\"WebPage\",\"@id\":\"https:\\\/\\\/www.voxcloud8.us\\\/en\\\/elements\\\/pages\\\/contact\\\/\",\"url\":\"https:\\\/\\\/www.voxcloud8.us\\\/en\\\/elements\\\/pages\\\/contact\\\/\",\"name\":\"Contact - Voxcloud8\",\"isPartOf\":{\"@id\":\"http:\\\/\\\/www.voxcloud8.us\\\/#website\"},\"primaryImageOfPage\":{\"@id\":\"https:\\\/\\\/www.voxcloud8.us\\\/en\\\/elements\\\/pages\\\/contact\\\/#primaryimage\"},\"image\":{\"@id\":\"https:\\\/\\\/www.voxcloud8.us\\\/en\\\/elements\\\/pages\\\/contact\\\/#primaryimage\"},\"thumbnailUrl\":\"https:\\\/\\\/i0.wp.com\\\/www.voxcloud8.us\\\/wp-content\\\/uploads\\\/2016\\\/08\\\/dummy-1.jpg?fit=400%2C260&ssl=1\",\"datePublished\":\"2013-08-11T19:22:53+00:00\",\"dateModified\":\"2017-09-20T18:51:26+00:00\",\"breadcrumb\":{\"@id\":\"https:\\\/\\\/www.voxcloud8.us\\\/en\\\/elements\\\/pages\\\/contact\\\/#breadcrumb\"},\"inLanguage\":\"en-US\",\"potentialAction\":[{\"@type\":\"ReadAction\",\"target\":[\"https:\\\/\\\/www.voxcloud8.us\\\/en\\\/elements\\\/pages\\\/contact\\\/\"]}]},{\"@type\":\"ImageObject\",\"inLanguage\":\"en-US\",\"@id\":\"https:\\\/\\\/www.voxcloud8.us\\\/en\\\/elements\\\/pages\\\/contact\\\/#primaryimage\",\"url\":\"https:\\\/\\\/i0.wp.com\\\/www.voxcloud8.us\\\/wp-content\\\/uploads\\\/2016\\\/08\\\/dummy-1.jpg?fit=400%2C260&ssl=1\",\"contentUrl\":\"https:\\\/\\\/i0.wp.com\\\/www.voxcloud8.us\\\/wp-content\\\/uploads\\\/2016\\\/08\\\/dummy-1.jpg?fit=400%2C260&ssl=1\",\"width\":400,\"height\":260},{\"@type\":\"BreadcrumbList\",\"@id\":\"https:\\\/\\\/www.voxcloud8.us\\\/en\\\/elements\\\/pages\\\/contact\\\/#breadcrumb\",\"itemListElement\":[{\"@type\":\"ListItem\",\"position\":1,\"name\":\"Portada\",\"item\":\"http:\\\/\\\/www.voxcloud8.us\\\/\"},{\"@type\":\"ListItem\",\"position\":2,\"name\":\"Elements\",\"item\":\"http:\\\/\\\/www.voxcloud8.us\\\/elements\\\/\"},{\"@type\":\"ListItem\",\"position\":3,\"name\":\"Pages\",\"item\":\"https:\\\/\\\/www.voxcloud8.us\\\/en\\\/elements\\\/pages\\\/\"},{\"@type\":\"ListItem\",\"position\":4,\"name\":\"Contact\"}]},{\"@type\":\"WebSite\",\"@id\":\"http:\\\/\\\/www.voxcloud8.us\\\/#website\",\"url\":\"http:\\\/\\\/www.voxcloud8.us\\\/\",\"name\":\"Voxcloud8\",\"description\":\"Infinite Communication\",\"publisher\":{\"@id\":\"http:\\\/\\\/www.voxcloud8.us\\\/#organization\"},\"potentialAction\":[{\"@type\":\"SearchAction\",\"target\":{\"@type\":\"EntryPoint\",\"urlTemplate\":\"http:\\\/\\\/www.voxcloud8.us\\\/?s={search_term_string}\"},\"query-input\":{\"@type\":\"PropertyValueSpecification\",\"valueRequired\":true,\"valueName\":\"search_term_string\"}}],\"inLanguage\":\"en-US\"},{\"@type\":\"Organization\",\"@id\":\"http:\\\/\\\/www.voxcloud8.us\\\/#organization\",\"name\":\"Voxcloud8\",\"url\":\"http:\\\/\\\/www.voxcloud8.us\\\/\",\"logo\":{\"@type\":\"ImageObject\",\"inLanguage\":\"en-US\",\"@id\":\"http:\\\/\\\/www.voxcloud8.us\\\/#\\\/schema\\\/logo\\\/image\\\/\",\"url\":\"https:\\\/\\\/i0.wp.com\\\/www.voxcloud8.us\\\/wp-content\\\/uploads\\\/2017\\\/05\\\/logovc4x3.png?fit=450%2C258\",\"contentUrl\":\"https:\\\/\\\/i0.wp.com\\\/www.voxcloud8.us\\\/wp-content\\\/uploads\\\/2017\\\/05\\\/logovc4x3.png?fit=450%2C258\",\"width\":450,\"height\":258,\"caption\":\"Voxcloud8\"},\"image\":{\"@id\":\"http:\\\/\\\/www.voxcloud8.us\\\/#\\\/schema\\\/logo\\\/image\\\/\"},\"sameAs\":[\"https:\\\/\\\/www.facebook.com\\\/LlamadasSeguras\\\/\",\"https:\\\/\\\/x.com\\\/Voxcloud8mx\",\"https:\\\/\\\/www.youtube.com\\\/channel\\\/UCbBf5qseEuZrtAwSCofW6cg\"]}]}<\/script>\n<!-- \/ Yoast SEO plugin. -->","yoast_head_json":{"title":"Contact - Voxcloud8","robots":{"index":"index","follow":"follow","max-snippet":"max-snippet:-1","max-image-preview":"max-image-preview:large","max-video-preview":"max-video-preview:-1"},"canonical":"https:\/\/www.voxcloud8.us\/en\/elements\/pages\/contact\/","og_locale":"en_US","og_type":"article","og_title":"Contact - Voxcloud8","og_description":"\u00a0","og_url":"https:\/\/www.voxcloud8.us\/en\/elements\/pages\/contact\/","og_site_name":"Voxcloud8","article_publisher":"https:\/\/www.facebook.com\/LlamadasSeguras\/","article_modified_time":"2017-09-20T18:51:26+00:00","og_image":[{"width":400,"height":260,"url":"https:\/\/i0.wp.com\/www.voxcloud8.us\/wp-content\/uploads\/2016\/08\/dummy-1.jpg?fit=400%2C260&ssl=1","type":"image\/jpeg"}],"twitter_card":"summary_large_image","twitter_site":"@Voxcloud8mx","twitter_misc":{"Est. reading time":"1 minute"},"schema":{"@context":"https:\/\/schema.org","@graph":[{"@type":"WebPage","@id":"https:\/\/www.voxcloud8.us\/en\/elements\/pages\/contact\/","url":"https:\/\/www.voxcloud8.us\/en\/elements\/pages\/contact\/","name":"Contact - Voxcloud8","isPartOf":{"@id":"http:\/\/www.voxcloud8.us\/#website"},"primaryImageOfPage":{"@id":"https:\/\/www.voxcloud8.us\/en\/elements\/pages\/contact\/#primaryimage"},"image":{"@id":"https:\/\/www.voxcloud8.us\/en\/elements\/pages\/contact\/#primaryimage"},"thumbnailUrl":"https:\/\/i0.wp.com\/www.voxcloud8.us\/wp-content\/uploads\/2016\/08\/dummy-1.jpg?fit=400%2C260&ssl=1","datePublished":"2013-08-11T19:22:53+00:00","dateModified":"2017-09-20T18:51:26+00:00","breadcrumb":{"@id":"https:\/\/www.voxcloud8.us\/en\/elements\/pages\/contact\/#breadcrumb"},"inLanguage":"en-US","potentialAction":[{"@type":"ReadAction","target":["https:\/\/www.voxcloud8.us\/en\/elements\/pages\/contact\/"]}]},{"@type":"ImageObject","inLanguage":"en-US","@id":"https:\/\/www.voxcloud8.us\/en\/elements\/pages\/contact\/#primaryimage","url":"https:\/\/i0.wp.com\/www.voxcloud8.us\/wp-content\/uploads\/2016\/08\/dummy-1.jpg?fit=400%2C260&ssl=1","contentUrl":"https:\/\/i0.wp.com\/www.voxcloud8.us\/wp-content\/uploads\/2016\/08\/dummy-1.jpg?fit=400%2C260&ssl=1","width":400,"height":260},{"@type":"BreadcrumbList","@id":"https:\/\/www.voxcloud8.us\/en\/elements\/pages\/contact\/#breadcrumb","itemListElement":[{"@type":"ListItem","position":1,"name":"Portada","item":"http:\/\/www.voxcloud8.us\/"},{"@type":"ListItem","position":2,"name":"Elements","item":"http:\/\/www.voxcloud8.us\/elements\/"},{"@type":"ListItem","position":3,"name":"Pages","item":"https:\/\/www.voxcloud8.us\/en\/elements\/pages\/"},{"@type":"ListItem","position":4,"name":"Contact"}]},{"@type":"WebSite","@id":"http:\/\/www.voxcloud8.us\/#website","url":"http:\/\/www.voxcloud8.us\/","name":"Voxcloud8","description":"Infinite Communication","publisher":{"@id":"http:\/\/www.voxcloud8.us\/#organization"},"potentialAction":[{"@type":"SearchAction","target":{"@type":"EntryPoint","urlTemplate":"http:\/\/www.voxcloud8.us\/?s={search_term_string}"},"query-input":{"@type":"PropertyValueSpecification","valueRequired":true,"valueName":"search_term_string"}}],"inLanguage":"en-US"},{"@type":"Organization","@id":"http:\/\/www.voxcloud8.us\/#organization","name":"Voxcloud8","url":"http:\/\/www.voxcloud8.us\/","logo":{"@type":"ImageObject","inLanguage":"en-US","@id":"http:\/\/www.voxcloud8.us\/#\/schema\/logo\/image\/","url":"https:\/\/i0.wp.com\/www.voxcloud8.us\/wp-content\/uploads\/2017\/05\/logovc4x3.png?fit=450%2C258","contentUrl":"https:\/\/i0.wp.com\/www.voxcloud8.us\/wp-content\/uploads\/2017\/05\/logovc4x3.png?fit=450%2C258","width":450,"height":258,"caption":"Voxcloud8"},"image":{"@id":"http:\/\/www.voxcloud8.us\/#\/schema\/logo\/image\/"},"sameAs":["https:\/\/www.facebook.com\/LlamadasSeguras\/","https:\/\/x.com\/Voxcloud8mx","https:\/\/www.youtube.com\/channel\/UCbBf5qseEuZrtAwSCofW6cg"]}]}},"jetpack_sharing_enabled":true,"jetpack_shortlink":"https:\/\/wp.me\/P6ym0j-aS","jetpack_likes_enabled":true,"jetpack-related-posts":[],"_links":{"self":[{"href":"https:\/\/www.voxcloud8.us\/en\/wp-json\/wp\/v2\/pages\/674","targetHints":{"allow":["GET"]}}],"collection":[{"href":"https:\/\/www.voxcloud8.us\/en\/wp-json\/wp\/v2\/pages"}],"about":[{"href":"https:\/\/www.voxcloud8.us\/en\/wp-json\/wp\/v2\/types\/page"}],"author":[{"embeddable":true,"href":"https:\/\/www.voxcloud8.us\/en\/wp-json\/wp\/v2\/users\/1"}],"replies":[{"embeddable":true,"href":"https:\/\/www.voxcloud8.us\/en\/wp-json\/wp\/v2\/comments?post=674"}],"version-history":[{"count":7,"href":"https:\/\/www.voxcloud8.us\/en\/wp-json\/wp\/v2\/pages\/674\/revisions"}],"predecessor-version":[{"id":1364,"href":"https:\/\/www.voxcloud8.us\/en\/wp-json\/wp\/v2\/pages\/674\/revisions\/1364"}],"up":[{"embeddable":true,"href":"https:\/\/www.voxcloud8.us\/en\/wp-json\/wp\/v2\/pages\/633"}],"wp:featuredmedia":[{"embeddable":true,"href":"https:\/\/www.voxcloud8.us\/en\/wp-json\/wp\/v2\/media\/599"}],"wp:attachment":[{"href":"https:\/\/www.voxcloud8.us\/en\/wp-json\/wp\/v2\/media?parent=674"}],"curies":[{"name":"wp","href":"https:\/\/api.w.org\/{rel}","templated":true}]}}