{"id":30,"date":"2015-03-24T18:56:24","date_gmt":"2015-03-24T18:56:24","guid":{"rendered":"http:\/\/www.vitelonline.net\/?page_id=30"},"modified":"2018-09-30T13:53:46","modified_gmt":"2018-09-30T17:53:46","slug":"voxcloud-8-pbx","status":"publish","type":"page","link":"https:\/\/www.voxcloud8.us\/en\/servicios\/voxcloud-8-pbx\/","title":{"rendered":"VoxCloud 8 PBX"},"content":{"rendered":"&nbsp;<\/p>\n<h1 align=\"center\">La Soluci\u00f3n Ideal para Modernizar sus Comunicaciones<\/h1>\n<p><img data-recalc-dims=\"1\" loading=\"lazy\" decoding=\"async\" class=\" aligncenter\" style=\"margin-top: 60px;\" src=\"https:\/\/i0.wp.com\/www.voxcloud8.us\/wp-content\/uploads\/2015\/04\/IlustracionCloud1.png?resize=744%2C310\" alt=\"\" width=\"744\" height=\"310\" \/><\/p>\n<h2><b><span style=\"color: #eb8301;\">\u00a0<\/span><\/b><\/h2>\n<h2 style=\"text-align: left;\"><b><span style=\"color: #eb8301;\">\u00a0 Beneficios:<\/span><\/b><\/h2>\n<ul style=\"color: black;\">\n<li>\n<h3>Reducci\u00f3n de costos<\/h3>\n<\/li>\n<li>\n<h3>Imagen m\u00e1s profesional para su empresa<\/h3>\n<\/li>\n<li>\n<h3>Comunicaci\u00f3nes m\u00e1s eficaces<\/h3>\n<\/li>\n<li>\n<h3>Control on-line del tr\u00e1fico telef\u00f3nico<\/h3>\n<\/li>\n<li>\n<h3>Mensajes de bienvenida personalizados<\/h3>\n<\/li>\n<li>\n<h3>Desv\u00edo a celulares para que no pierda ni una llamada<\/h3>\n<\/li>\n<li>\n<h3>Extensiones en cualquier pa\u00eds y en cualquier lugar donde necesite<\/h3>\n<\/li>\n<\/ul>\n<p style=\"text-align: center;\"><a href=\"https:\/\/i0.wp.com\/www.voxcloud8.us\/wp-content\/uploads\/2015\/03\/Prestaciones-PBX-web.png\"><img data-recalc-dims=\"1\" loading=\"lazy\" decoding=\"async\" class=\" size-full wp-image-240 aligncenter\" src=\"https:\/\/i0.wp.com\/www.voxcloud8.us\/wp-content\/uploads\/2015\/03\/Prestaciones-PBX-web.png?resize=1020%2C927\" alt=\"Prestaciones PBX-web\" width=\"1020\" height=\"927\" \/><\/a><\/p>\n<h2><strong>Formulario de Contacto:<\/strong><\/h2>\n<form id=\"signup\" action=\"http:\/\/cc-mail.com.mx\/signup.ashx\" method=\"post\" name=\"signup\"><!-- Email - the user's email address --><\/p>\n<table style=\"height: 122px;\" width=\"455\">\n<tbody>\n<tr>\n<td>Empresa<\/td>\n<td><input class=\"text\" name=\"cd_EMPRESA\" type=\"text\" \/><\/td>\n<\/tr>\n<tr>\n<td>Nombre Completo<\/td>\n<td><input class=\"text\" name=\"cd_NOMBRECOMPLETO\" type=\"text\" \/><\/td>\n<\/tr>\n<tr>\n<td>Comentarios<\/td>\n<td><input class=\"text\" name=\"cd_COMENTARIO\" type=\"text\" \/><\/td>\n<\/tr>\n<tr>\n<td>Email<\/td>\n<td><input name=\"Email\" type=\"text\" \/><\/td>\n<\/tr>\n<\/tbody>\n<\/table>\n<p><input name=\"Submit\" type=\"Submit\" value=\"Enviar\" \/><\/p>\n<\/form>\n<p><!-- End of signup --><\/p>\n<h3>Contacte con nuestro personal de venta y pida una asesor\u00eda gratuita.<\/h3>\n<p>Descubra como optimizar las comunicaciones de su negocio con nuestros paquetes PBX.<\/p>\n<p>No pierda m\u00e1s prospectos por no poder recibir sus llamadas.<\/p>\n<p>Disfrute de todas las ventajas de nuestros modernos sistemas de comunicaciones.","protected":false},"excerpt":{"rendered":"<p>&nbsp; La Soluci\u00f3n Ideal para Modernizar sus Comunicaciones \u00a0 \u00a0 Beneficios: Reducci\u00f3n de costos Imagen m\u00e1s profesional para su empresa Comunicaci\u00f3nes m\u00e1s eficaces Control on-line del tr\u00e1fico telef\u00f3nico Mensajes de bienvenida personalizados Desv\u00edo a celulares para que no pierda ni una llamada Extensiones en cualquier pa\u00eds y en cualquier lugar donde necesite Formulario de Contacto: [&hellip;]\n","protected":false},"author":1,"featured_media":0,"parent":26,"menu_order":0,"comment_status":"closed","ping_status":"closed","template":"","meta":{"footnotes":""},"class_list":["post-30","page","type-page","status-publish","hentry"],"yoast_head":"<!-- This site is optimized with the Yoast SEO plugin v27.6 - https:\/\/yoast.com\/product\/yoast-seo-wordpress\/ -->\n<title>VoxCloud 8 PBX - Voxcloud8<\/title>\n<meta name=\"robots\" content=\"index, follow, max-snippet:-1, max-image-preview:large, max-video-preview:-1\" \/>\n<link rel=\"canonical\" href=\"http:\/\/www.voxcloud8.us\/en\/servicios\/voxcloud-8-pbx\/\" \/>\n<meta property=\"og:locale\" content=\"en_US\" \/>\n<meta property=\"og:type\" content=\"article\" \/>\n<meta property=\"og:title\" content=\"VoxCloud 8 PBX - Voxcloud8\" \/>\n<meta property=\"og:description\" content=\"&nbsp; La Soluci\u00f3n Ideal para Modernizar sus Comunicaciones \u00a0 \u00a0 Beneficios: Reducci\u00f3n de costos Imagen m\u00e1s profesional para su empresa Comunicaci\u00f3nes m\u00e1s eficaces Control on-line del tr\u00e1fico telef\u00f3nico Mensajes de bienvenida personalizados Desv\u00edo a celulares para que no pierda ni una llamada Extensiones en cualquier pa\u00eds y en cualquier lugar donde necesite Formulario de Contacto: [&hellip;]\" \/>\n<meta property=\"og:url\" content=\"http:\/\/www.voxcloud8.us\/en\/servicios\/voxcloud-8-pbx\/\" \/>\n<meta property=\"og:site_name\" content=\"Voxcloud8\" \/>\n<meta property=\"article:publisher\" content=\"https:\/\/www.facebook.com\/LlamadasSeguras\/\" \/>\n<meta property=\"article:modified_time\" content=\"2018-09-30T17:53:46+00:00\" \/>\n<meta property=\"og:image\" content=\"http:\/\/www.voxcloud8.us\/wp-content\/uploads\/2015\/04\/IlustracionCloud1.png\" \/>\n<meta name=\"twitter:card\" content=\"summary_large_image\" \/>\n<meta name=\"twitter:site\" content=\"@Voxcloud8mx\" \/>\n<meta name=\"twitter:label1\" content=\"Est. reading time\" \/>\n\t<meta name=\"twitter:data1\" content=\"1 minute\" \/>\n<script type=\"application\/ld+json\" class=\"yoast-schema-graph\">{\"@context\":\"https:\\\/\\\/schema.org\",\"@graph\":[{\"@type\":\"WebPage\",\"@id\":\"http:\\\/\\\/www.voxcloud8.us\\\/en\\\/servicios\\\/voxcloud-8-pbx\\\/\",\"url\":\"http:\\\/\\\/www.voxcloud8.us\\\/en\\\/servicios\\\/voxcloud-8-pbx\\\/\",\"name\":\"VoxCloud 8 PBX - Voxcloud8\",\"isPartOf\":{\"@id\":\"http:\\\/\\\/www.voxcloud8.us\\\/#website\"},\"primaryImageOfPage\":{\"@id\":\"http:\\\/\\\/www.voxcloud8.us\\\/en\\\/servicios\\\/voxcloud-8-pbx\\\/#primaryimage\"},\"image\":{\"@id\":\"http:\\\/\\\/www.voxcloud8.us\\\/en\\\/servicios\\\/voxcloud-8-pbx\\\/#primaryimage\"},\"thumbnailUrl\":\"http:\\\/\\\/www.voxcloud8.us\\\/wp-content\\\/uploads\\\/2015\\\/04\\\/IlustracionCloud1.png\",\"datePublished\":\"2015-03-24T18:56:24+00:00\",\"dateModified\":\"2018-09-30T17:53:46+00:00\",\"breadcrumb\":{\"@id\":\"http:\\\/\\\/www.voxcloud8.us\\\/en\\\/servicios\\\/voxcloud-8-pbx\\\/#breadcrumb\"},\"inLanguage\":\"en-US\",\"potentialAction\":[{\"@type\":\"ReadAction\",\"target\":[\"http:\\\/\\\/www.voxcloud8.us\\\/en\\\/servicios\\\/voxcloud-8-pbx\\\/\"]}]},{\"@type\":\"ImageObject\",\"inLanguage\":\"en-US\",\"@id\":\"http:\\\/\\\/www.voxcloud8.us\\\/en\\\/servicios\\\/voxcloud-8-pbx\\\/#primaryimage\",\"url\":\"http:\\\/\\\/www.voxcloud8.us\\\/wp-content\\\/uploads\\\/2015\\\/04\\\/IlustracionCloud1.png\",\"contentUrl\":\"http:\\\/\\\/www.voxcloud8.us\\\/wp-content\\\/uploads\\\/2015\\\/04\\\/IlustracionCloud1.png\"},{\"@type\":\"BreadcrumbList\",\"@id\":\"http:\\\/\\\/www.voxcloud8.us\\\/en\\\/servicios\\\/voxcloud-8-pbx\\\/#breadcrumb\",\"itemListElement\":[{\"@type\":\"ListItem\",\"position\":1,\"name\":\"Portada\",\"item\":\"http:\\\/\\\/www.voxcloud8.us\\\/\"},{\"@type\":\"ListItem\",\"position\":2,\"name\":\"Services\",\"item\":\"http:\\\/\\\/www.voxcloud8.us\\\/en\\\/servicios\\\/\"},{\"@type\":\"ListItem\",\"position\":3,\"name\":\"VoxCloud 8 PBX\"}]},{\"@type\":\"WebSite\",\"@id\":\"http:\\\/\\\/www.voxcloud8.us\\\/#website\",\"url\":\"http:\\\/\\\/www.voxcloud8.us\\\/\",\"name\":\"Voxcloud8\",\"description\":\"Infinite Communication\",\"publisher\":{\"@id\":\"http:\\\/\\\/www.voxcloud8.us\\\/#organization\"},\"potentialAction\":[{\"@type\":\"SearchAction\",\"target\":{\"@type\":\"EntryPoint\",\"urlTemplate\":\"http:\\\/\\\/www.voxcloud8.us\\\/?s={search_term_string}\"},\"query-input\":{\"@type\":\"PropertyValueSpecification\",\"valueRequired\":true,\"valueName\":\"search_term_string\"}}],\"inLanguage\":\"en-US\"},{\"@type\":\"Organization\",\"@id\":\"http:\\\/\\\/www.voxcloud8.us\\\/#organization\",\"name\":\"Voxcloud8\",\"url\":\"http:\\\/\\\/www.voxcloud8.us\\\/\",\"logo\":{\"@type\":\"ImageObject\",\"inLanguage\":\"en-US\",\"@id\":\"http:\\\/\\\/www.voxcloud8.us\\\/#\\\/schema\\\/logo\\\/image\\\/\",\"url\":\"https:\\\/\\\/i0.wp.com\\\/www.voxcloud8.us\\\/wp-content\\\/uploads\\\/2017\\\/05\\\/logovc4x3.png?fit=450%2C258\",\"contentUrl\":\"https:\\\/\\\/i0.wp.com\\\/www.voxcloud8.us\\\/wp-content\\\/uploads\\\/2017\\\/05\\\/logovc4x3.png?fit=450%2C258\",\"width\":450,\"height\":258,\"caption\":\"Voxcloud8\"},\"image\":{\"@id\":\"http:\\\/\\\/www.voxcloud8.us\\\/#\\\/schema\\\/logo\\\/image\\\/\"},\"sameAs\":[\"https:\\\/\\\/www.facebook.com\\\/LlamadasSeguras\\\/\",\"https:\\\/\\\/x.com\\\/Voxcloud8mx\",\"https:\\\/\\\/www.youtube.com\\\/channel\\\/UCbBf5qseEuZrtAwSCofW6cg\"]}]}<\/script>\n<!-- \/ Yoast SEO plugin. -->","yoast_head_json":{"title":"VoxCloud 8 PBX - Voxcloud8","robots":{"index":"index","follow":"follow","max-snippet":"max-snippet:-1","max-image-preview":"max-image-preview:large","max-video-preview":"max-video-preview:-1"},"canonical":"http:\/\/www.voxcloud8.us\/en\/servicios\/voxcloud-8-pbx\/","og_locale":"en_US","og_type":"article","og_title":"VoxCloud 8 PBX - Voxcloud8","og_description":"&nbsp; La Soluci\u00f3n Ideal para Modernizar sus Comunicaciones \u00a0 \u00a0 Beneficios: Reducci\u00f3n de costos Imagen m\u00e1s profesional para su empresa Comunicaci\u00f3nes m\u00e1s eficaces Control on-line del tr\u00e1fico telef\u00f3nico Mensajes de bienvenida personalizados Desv\u00edo a celulares para que no pierda ni una llamada Extensiones en cualquier pa\u00eds y en cualquier lugar donde necesite Formulario de Contacto: [&hellip;]","og_url":"http:\/\/www.voxcloud8.us\/en\/servicios\/voxcloud-8-pbx\/","og_site_name":"Voxcloud8","article_publisher":"https:\/\/www.facebook.com\/LlamadasSeguras\/","article_modified_time":"2018-09-30T17:53:46+00:00","og_image":[{"url":"http:\/\/www.voxcloud8.us\/wp-content\/uploads\/2015\/04\/IlustracionCloud1.png","type":"","width":"","height":""}],"twitter_card":"summary_large_image","twitter_site":"@Voxcloud8mx","twitter_misc":{"Est. reading time":"1 minute"},"schema":{"@context":"https:\/\/schema.org","@graph":[{"@type":"WebPage","@id":"http:\/\/www.voxcloud8.us\/en\/servicios\/voxcloud-8-pbx\/","url":"http:\/\/www.voxcloud8.us\/en\/servicios\/voxcloud-8-pbx\/","name":"VoxCloud 8 PBX - Voxcloud8","isPartOf":{"@id":"http:\/\/www.voxcloud8.us\/#website"},"primaryImageOfPage":{"@id":"http:\/\/www.voxcloud8.us\/en\/servicios\/voxcloud-8-pbx\/#primaryimage"},"image":{"@id":"http:\/\/www.voxcloud8.us\/en\/servicios\/voxcloud-8-pbx\/#primaryimage"},"thumbnailUrl":"http:\/\/www.voxcloud8.us\/wp-content\/uploads\/2015\/04\/IlustracionCloud1.png","datePublished":"2015-03-24T18:56:24+00:00","dateModified":"2018-09-30T17:53:46+00:00","breadcrumb":{"@id":"http:\/\/www.voxcloud8.us\/en\/servicios\/voxcloud-8-pbx\/#breadcrumb"},"inLanguage":"en-US","potentialAction":[{"@type":"ReadAction","target":["http:\/\/www.voxcloud8.us\/en\/servicios\/voxcloud-8-pbx\/"]}]},{"@type":"ImageObject","inLanguage":"en-US","@id":"http:\/\/www.voxcloud8.us\/en\/servicios\/voxcloud-8-pbx\/#primaryimage","url":"http:\/\/www.voxcloud8.us\/wp-content\/uploads\/2015\/04\/IlustracionCloud1.png","contentUrl":"http:\/\/www.voxcloud8.us\/wp-content\/uploads\/2015\/04\/IlustracionCloud1.png"},{"@type":"BreadcrumbList","@id":"http:\/\/www.voxcloud8.us\/en\/servicios\/voxcloud-8-pbx\/#breadcrumb","itemListElement":[{"@type":"ListItem","position":1,"name":"Portada","item":"http:\/\/www.voxcloud8.us\/"},{"@type":"ListItem","position":2,"name":"Services","item":"http:\/\/www.voxcloud8.us\/en\/servicios\/"},{"@type":"ListItem","position":3,"name":"VoxCloud 8 PBX"}]},{"@type":"WebSite","@id":"http:\/\/www.voxcloud8.us\/#website","url":"http:\/\/www.voxcloud8.us\/","name":"Voxcloud8","description":"Infinite Communication","publisher":{"@id":"http:\/\/www.voxcloud8.us\/#organization"},"potentialAction":[{"@type":"SearchAction","target":{"@type":"EntryPoint","urlTemplate":"http:\/\/www.voxcloud8.us\/?s={search_term_string}"},"query-input":{"@type":"PropertyValueSpecification","valueRequired":true,"valueName":"search_term_string"}}],"inLanguage":"en-US"},{"@type":"Organization","@id":"http:\/\/www.voxcloud8.us\/#organization","name":"Voxcloud8","url":"http:\/\/www.voxcloud8.us\/","logo":{"@type":"ImageObject","inLanguage":"en-US","@id":"http:\/\/www.voxcloud8.us\/#\/schema\/logo\/image\/","url":"https:\/\/i0.wp.com\/www.voxcloud8.us\/wp-content\/uploads\/2017\/05\/logovc4x3.png?fit=450%2C258","contentUrl":"https:\/\/i0.wp.com\/www.voxcloud8.us\/wp-content\/uploads\/2017\/05\/logovc4x3.png?fit=450%2C258","width":450,"height":258,"caption":"Voxcloud8"},"image":{"@id":"http:\/\/www.voxcloud8.us\/#\/schema\/logo\/image\/"},"sameAs":["https:\/\/www.facebook.com\/LlamadasSeguras\/","https:\/\/x.com\/Voxcloud8mx","https:\/\/www.youtube.com\/channel\/UCbBf5qseEuZrtAwSCofW6cg"]}]}},"jetpack_sharing_enabled":true,"jetpack_shortlink":"https:\/\/wp.me\/P6ym0j-u","jetpack_likes_enabled":true,"jetpack-related-posts":[],"_links":{"self":[{"href":"https:\/\/www.voxcloud8.us\/en\/wp-json\/wp\/v2\/pages\/30","targetHints":{"allow":["GET"]}}],"collection":[{"href":"https:\/\/www.voxcloud8.us\/en\/wp-json\/wp\/v2\/pages"}],"about":[{"href":"https:\/\/www.voxcloud8.us\/en\/wp-json\/wp\/v2\/types\/page"}],"author":[{"embeddable":true,"href":"https:\/\/www.voxcloud8.us\/en\/wp-json\/wp\/v2\/users\/1"}],"replies":[{"embeddable":true,"href":"https:\/\/www.voxcloud8.us\/en\/wp-json\/wp\/v2\/comments?post=30"}],"version-history":[{"count":48,"href":"https:\/\/www.voxcloud8.us\/en\/wp-json\/wp\/v2\/pages\/30\/revisions"}],"predecessor-version":[{"id":1388,"href":"https:\/\/www.voxcloud8.us\/en\/wp-json\/wp\/v2\/pages\/30\/revisions\/1388"}],"up":[{"embeddable":true,"href":"https:\/\/www.voxcloud8.us\/en\/wp-json\/wp\/v2\/pages\/26"}],"wp:attachment":[{"href":"https:\/\/www.voxcloud8.us\/en\/wp-json\/wp\/v2\/media?parent=30"}],"curies":[{"name":"wp","href":"https:\/\/api.w.org\/{rel}","templated":true}]}}